{"id":25,"date":"2026-03-31T14:23:30","date_gmt":"2026-03-31T14:23:30","guid":{"rendered":"http:\/\/mamasica.es\/?page_id=25"},"modified":"2026-04-11T12:17:10","modified_gmt":"2026-04-11T12:17:10","slug":"historia","status":"publish","type":"page","link":"https:\/\/mamasica.es\/en\/historia\/","title":{"rendered":"Historia"},"content":{"rendered":"<div data-elementor-type=\"wp-page\" data-elementor-id=\"25\" class=\"elementor elementor-25\" data-elementor-post-type=\"page\">\n\t\t\t\t<div class=\"elementor-element elementor-element-d1a705c e-flex e-con-boxed e-con e-parent\" data-id=\"d1a705c\" data-element_type=\"container\" data-e-type=\"container\">\n\t\t\t\t\t<div class=\"e-con-inner\">\n\t\t\t\t<div class=\"elementor-element elementor-element-afe2b04 elementor-widget elementor-widget-heading\" data-id=\"afe2b04\" data-element_type=\"widget\" data-e-type=\"widget\" data-widget_type=\"heading.default\">\n\t\t\t\t\t<h2 class=\"elementor-heading-title elementor-size-default\">The story of our handcrafted cheesecake<\/h2>\t\t\t\t<\/div>\n\t\t\t\t<div class=\"elementor-element elementor-element-8529afc elementor-widget elementor-widget-text-editor\" data-id=\"8529afc\" data-element_type=\"widget\" data-e-type=\"widget\" data-widget_type=\"text-editor.default\">\n\t\t\t\t\t\t\t\t\t<p>A cheesecake born from family tradition, memories, and a recipe passed down through generations.<\/p>\t\t\t\t\t\t\t\t<\/div>\n\t\t\t\t<div class=\"elementor-element elementor-element-58c9913 elementor-widget elementor-widget-image\" data-id=\"58c9913\" data-element_type=\"widget\" data-e-type=\"widget\" data-widget_type=\"image.default\">\n\t\t\t\t\t\t\t\t\t\t\t\t\t\t\t<img fetchpriority=\"high\" decoding=\"async\" width=\"800\" height=\"682\" src=\"https:\/\/mamasica.es\/wp-content\/uploads\/2026\/04\/0E04AEC6-DDE0-40D0-A804-164A5808B9E8.jpg\" class=\"attachment-large size-large wp-image-187\" alt=\"pastel de queso artesanal receta tradicional\" srcset=\"https:\/\/mamasica.es\/wp-content\/uploads\/2026\/04\/0E04AEC6-DDE0-40D0-A804-164A5808B9E8.jpg 1024w, https:\/\/mamasica.es\/wp-content\/uploads\/2026\/04\/0E04AEC6-DDE0-40D0-A804-164A5808B9E8-300x256.jpg 300w, https:\/\/mamasica.es\/wp-content\/uploads\/2026\/04\/0E04AEC6-DDE0-40D0-A804-164A5808B9E8-768x655.jpg 768w\" sizes=\"(max-width: 800px) 100vw, 800px\" \/>\t\t\t\t\t\t\t\t\t\t\t\t\t\t\t<\/div>\n\t\t\t\t\t<\/div>\n\t\t\t\t<\/div>\n\t\t<div class=\"elementor-element elementor-element-37b982d e-flex e-con-boxed e-con e-parent\" data-id=\"37b982d\" data-element_type=\"container\" data-e-type=\"container\">\n\t\t\t\t\t<div class=\"e-con-inner\">\n\t\t<div class=\"elementor-element elementor-element-03c1f05 e-con-full e-flex e-con e-child\" data-id=\"03c1f05\" data-element_type=\"container\" data-e-type=\"container\">\n\t\t\t\t<div class=\"elementor-element elementor-element-dfbc3f6 elementor-widget elementor-widget-heading\" data-id=\"dfbc3f6\" data-element_type=\"widget\" data-e-type=\"widget\" data-widget_type=\"heading.default\">\n\t\t\t\t\t<h2 class=\"elementor-heading-title elementor-size-default\">A recipe with deep roots<\/h2>\t\t\t\t<\/div>\n\t\t\t\t<div class=\"elementor-element elementor-element-a5b485d elementor-widget elementor-widget-text-editor\" data-id=\"a5b485d\" data-element_type=\"widget\" data-e-type=\"widget\" data-widget_type=\"text-editor.default\">\n\t\t\t\t\t\t\t\t\t<p data-start=\"1019\" data-end=\"1184\" class=\"translation-block\">My maternal grandmother had distant roots in Bulgaria.<br>She would make this cake for the whole family, turning it into something more than just food \u2014 it became a moment of togetherness.<\/p><p data-start=\"1186\" data-end=\"1301\">Over time, my mother learned the recipe and turned it into a tradition we repeated almost every weekend.<\/p><p data-start=\"1303\" data-end=\"1428\" class=\"translation-block\">As a child, I loved spending time with her in the kitchen.<br>Without realizing it, those moments were shaping something that still lives on today.<\/p>\t\t\t\t\t\t\t\t<\/div>\n\t\t\t\t<\/div>\n\t\t<div class=\"elementor-element elementor-element-c46d023 e-con-full e-flex e-con e-child\" data-id=\"c46d023\" data-element_type=\"container\" data-e-type=\"container\">\n\t\t\t\t<div class=\"elementor-element elementor-element-58edeca elementor-widget elementor-widget-image\" data-id=\"58edeca\" data-element_type=\"widget\" data-e-type=\"widget\" data-widget_type=\"image.default\">\n\t\t\t\t\t\t\t\t\t\t\t\t\t\t\t<img decoding=\"async\" width=\"800\" height=\"950\" src=\"https:\/\/mamasica.es\/wp-content\/uploads\/2026\/04\/04FC278F-E3A8-47AA-8247-F4789037B79B-2-862x1024.jpg\" class=\"attachment-large size-large wp-image-188\" alt=\"proceso de elaboraci\u00f3n pastel de queso\" srcset=\"https:\/\/mamasica.es\/wp-content\/uploads\/2026\/04\/04FC278F-E3A8-47AA-8247-F4789037B79B-2-862x1024.jpg 862w, https:\/\/mamasica.es\/wp-content\/uploads\/2026\/04\/04FC278F-E3A8-47AA-8247-F4789037B79B-2-253x300.jpg 253w, https:\/\/mamasica.es\/wp-content\/uploads\/2026\/04\/04FC278F-E3A8-47AA-8247-F4789037B79B-2-768x912.jpg 768w, https:\/\/mamasica.es\/wp-content\/uploads\/2026\/04\/04FC278F-E3A8-47AA-8247-F4789037B79B-2.jpg 1024w\" sizes=\"(max-width: 800px) 100vw, 800px\" \/>\t\t\t\t\t\t\t\t\t\t\t\t\t\t\t<\/div>\n\t\t\t\t<\/div>\n\t\t\t\t\t<\/div>\n\t\t\t\t<\/div>\n\t\t<div class=\"elementor-element elementor-element-cc94bba e-flex e-con-boxed e-con e-parent\" data-id=\"cc94bba\" data-element_type=\"container\" data-e-type=\"container\" data-settings=\"{&quot;background_background&quot;:&quot;classic&quot;}\">\n\t\t\t\t\t<div class=\"e-con-inner\">\n\t\t\t\t<div class=\"elementor-element elementor-element-60564b0 elementor-widget elementor-widget-heading\" data-id=\"60564b0\" data-element_type=\"widget\" data-e-type=\"widget\" data-widget_type=\"heading.default\">\n\t\t\t\t\t<h2 class=\"elementor-heading-title elementor-size-default\">More than a cheesecake \u2014 a connection.<\/h2>\t\t\t\t<\/div>\n\t\t\t\t<div class=\"elementor-element elementor-element-26df5d2 elementor-widget elementor-widget-text-editor\" data-id=\"26df5d2\" data-element_type=\"widget\" data-e-type=\"widget\" data-widget_type=\"text-editor.default\">\n\t\t\t\t\t\t\t\t\t<p data-start=\"1683\" data-end=\"1798\" class=\"translation-block\">It wasn\u2019t until I arrived in Spain that I started making it myself.<br>That\u2019s when I realized it wasn\u2019t just a recipe.<\/p><p data-start=\"1800\" data-end=\"1885\" class=\"translation-block\">It was a way to feel close to my family.<br>To return home through flavor.<\/p><p data-start=\"1887\" data-end=\"2005\">Today, every cheesecake we make is a tribute to those moments, that tradition, and the people who made it possible.<\/p>\t\t\t\t\t\t\t\t<\/div>\n\t\t\t\t\t<\/div>\n\t\t\t\t<\/div>\n\t\t<div class=\"elementor-element elementor-element-fdf4ed8 e-flex e-con-boxed e-con e-parent\" data-id=\"fdf4ed8\" data-element_type=\"container\" data-e-type=\"container\">\n\t\t\t\t\t<div class=\"e-con-inner\">\n\t\t<div class=\"elementor-element elementor-element-3fefa7b e-con-full e-flex e-con e-child\" data-id=\"3fefa7b\" data-element_type=\"container\" data-e-type=\"container\">\n\t\t\t\t<div class=\"elementor-element elementor-element-bfe9c21 elementor-widget elementor-widget-image\" data-id=\"bfe9c21\" data-element_type=\"widget\" data-e-type=\"widget\" data-widget_type=\"image.default\">\n\t\t\t\t\t\t\t\t\t\t\t\t\t\t\t<img decoding=\"async\" width=\"800\" height=\"991\" src=\"https:\/\/mamasica.es\/wp-content\/uploads\/2026\/04\/72B74470-72CA-4B3F-A121-E16AA2AF60DE-827x1024.jpg\" class=\"attachment-large size-large wp-image-189\" alt=\"pastel casero horneado tradicional\" srcset=\"https:\/\/mamasica.es\/wp-content\/uploads\/2026\/04\/72B74470-72CA-4B3F-A121-E16AA2AF60DE-827x1024.jpg 827w, https:\/\/mamasica.es\/wp-content\/uploads\/2026\/04\/72B74470-72CA-4B3F-A121-E16AA2AF60DE-242x300.jpg 242w, https:\/\/mamasica.es\/wp-content\/uploads\/2026\/04\/72B74470-72CA-4B3F-A121-E16AA2AF60DE-768x951.jpg 768w, https:\/\/mamasica.es\/wp-content\/uploads\/2026\/04\/72B74470-72CA-4B3F-A121-E16AA2AF60DE.jpg 1024w\" sizes=\"(max-width: 800px) 100vw, 800px\" \/>\t\t\t\t\t\t\t\t\t\t\t\t\t\t\t<\/div>\n\t\t\t\t<\/div>\n\t\t<div class=\"elementor-element elementor-element-1f214c3 e-con-full e-flex e-con e-child\" data-id=\"1f214c3\" data-element_type=\"container\" data-e-type=\"container\">\n\t\t\t\t<div class=\"elementor-element elementor-element-51e3f1a elementor-widget elementor-widget-heading\" data-id=\"51e3f1a\" data-element_type=\"widget\" data-e-type=\"widget\" data-widget_type=\"heading.default\">\n\t\t\t\t\t<h2 class=\"elementor-heading-title elementor-size-default\">A traditional recipe, with a secret touch<\/h2>\t\t\t\t<\/div>\n\t\t\t\t<div class=\"elementor-element elementor-element-6fbc9c8 elementor-widget elementor-widget-text-editor\" data-id=\"6fbc9c8\" data-element_type=\"widget\" data-e-type=\"widget\" data-widget_type=\"text-editor.default\">\n\t\t\t\t\t\t\t\t\t<p data-start=\"2305\" data-end=\"2485\">Our cheesecake is made fresh every day with carefully selected ingredients: fresh milk, eggs, handcrafted dough, and a traditional Romanian cheese that gives it its unique texture and flavor.<\/p><p data-start=\"2487\" data-end=\"2564\">A recipe true to its roots, with a subtle secret that makes all the difference.<\/p><p data-start=\"2566\" data-end=\"2651\" class=\"translation-block\"><strong>No industrial processes.<\/strong><br><strong>No shortcuts.<\/strong><br><strong>Just tradition, care and authentic flavor.<\/strong><\/p>\t\t\t\t\t\t\t\t<\/div>\n\t\t\t\t<\/div>\n\t\t\t\t\t<\/div>\n\t\t\t\t<\/div>\n\t\t<div class=\"elementor-element elementor-element-3680a85 e-flex e-con-boxed e-con e-parent\" data-id=\"3680a85\" data-element_type=\"container\" data-e-type=\"container\">\n\t\t\t\t\t<div class=\"e-con-inner\">\n\t\t\t\t<div class=\"elementor-element elementor-element-cf5b583 elementor-widget elementor-widget-heading\" data-id=\"cf5b583\" data-element_type=\"widget\" data-e-type=\"widget\" data-widget_type=\"heading.default\">\n\t\t\t\t\t<h2 class=\"elementor-heading-title elementor-size-default\">Made the way it used to be<\/h2>\t\t\t\t<\/div>\n\t\t<div class=\"elementor-element elementor-element-d8c89ee e-con-full e-flex e-con e-child\" data-id=\"d8c89ee\" data-element_type=\"container\" data-e-type=\"container\">\n\t\t<div class=\"elementor-element elementor-element-ff8f0e9 e-con-full e-flex e-con e-child\" data-id=\"ff8f0e9\" data-element_type=\"container\" data-e-type=\"container\">\n\t\t\t\t<div class=\"elementor-element elementor-element-42db872 elementor-widget elementor-widget-text-editor\" data-id=\"42db872\" data-element_type=\"widget\" data-e-type=\"widget\" data-widget_type=\"text-editor.default\">\n\t\t\t\t\t\t\t\t\t<p data-start=\"2817\" data-end=\"2936\">We craft our cheesecakes by hand every day using natural ingredients and following a traditional recipe.<\/p><p data-start=\"2938\" data-end=\"3035\">Each piece is carefully prepared to achieve a creamy texture and an authentic flavor.<\/p><p data-start=\"3037\" data-end=\"3109\"><strong>Because we believe that when something simple is done well, it doesn\u2019t need anything else.<\/strong><\/p>\t\t\t\t\t\t\t\t<\/div>\n\t\t\t\t<\/div>\n\t\t<div class=\"elementor-element elementor-element-84e8ff9 e-con-full e-flex e-con e-child\" data-id=\"84e8ff9\" data-element_type=\"container\" data-e-type=\"container\">\n\t\t\t\t<div class=\"elementor-element elementor-element-949fe5d elementor-widget elementor-widget-image\" data-id=\"949fe5d\" data-element_type=\"widget\" data-e-type=\"widget\" data-widget_type=\"image.default\">\n\t\t\t\t\t\t\t\t\t\t\t\t\t\t\t<img loading=\"lazy\" decoding=\"async\" width=\"800\" height=\"893\" src=\"https:\/\/mamasica.es\/wp-content\/uploads\/2026\/04\/012948BF-B963-4F1D-84CE-7CD9DE679C65-917x1024.jpg\" class=\"attachment-large size-large wp-image-190\" alt=\"pastel casero horneado tradicional\" srcset=\"https:\/\/mamasica.es\/wp-content\/uploads\/2026\/04\/012948BF-B963-4F1D-84CE-7CD9DE679C65-917x1024.jpg 917w, https:\/\/mamasica.es\/wp-content\/uploads\/2026\/04\/012948BF-B963-4F1D-84CE-7CD9DE679C65-269x300.jpg 269w, https:\/\/mamasica.es\/wp-content\/uploads\/2026\/04\/012948BF-B963-4F1D-84CE-7CD9DE679C65-768x858.jpg 768w, https:\/\/mamasica.es\/wp-content\/uploads\/2026\/04\/012948BF-B963-4F1D-84CE-7CD9DE679C65.jpg 1024w\" sizes=\"(max-width: 800px) 100vw, 800px\" \/>\t\t\t\t\t\t\t\t\t\t\t\t\t\t\t<\/div>\n\t\t\t\t<\/div>\n\t\t\t\t<\/div>\n\t\t\t\t\t<\/div>\n\t\t\t\t<\/div>\n\t\t<div class=\"elementor-element elementor-element-b772b53 e-flex e-con-boxed e-con e-parent\" data-id=\"b772b53\" data-element_type=\"container\" data-e-type=\"container\">\n\t\t\t\t\t<div class=\"e-con-inner\">\n\t\t\t\t<div class=\"elementor-element elementor-element-6cba75c elementor-widget elementor-widget-heading\" data-id=\"6cba75c\" data-element_type=\"widget\" data-e-type=\"widget\" data-widget_type=\"heading.default\">\n\t\t\t\t\t<h2 class=\"elementor-heading-title elementor-size-default\">Come try them freshly made<\/h2>\t\t\t\t<\/div>\n\t\t\t\t<div class=\"elementor-element elementor-element-83d2627 elementor-widget elementor-widget-text-editor\" data-id=\"83d2627\" data-element_type=\"widget\" data-e-type=\"widget\" data-widget_type=\"text-editor.default\">\n\t\t\t\t\t\t\t\t\t<p data-start=\"3329\" data-end=\"3412\" class=\"translation-block\">Find us on the second floor of <strong>Mercado Barcel\u00f3 in Madrid\u2019s Malasa\u00f1a neighborhood<\/strong> and discover the taste of our story.<\/p>\t\t\t\t\t\t\t\t<\/div>\n\t\t\t\t<div class=\"elementor-element elementor-element-56e6447 elementor-align-center elementor-widget elementor-widget-button\" data-id=\"56e6447\" data-element_type=\"widget\" data-e-type=\"widget\" data-widget_type=\"button.default\">\n\t\t\t\t\t\t\t\t\t\t<a class=\"elementor-button elementor-button-link elementor-size-sm\" href=\"#\">\n\t\t\t\t\t\t<span class=\"elementor-button-content-wrapper\">\n\t\t\t\t\t\t\t\t\t<span class=\"elementor-button-text\">find us<\/span>\n\t\t\t\t\t<\/span>\n\t\t\t\t\t<\/a>\n\t\t\t\t\t\t\t\t<\/div>\n\t\t\t\t\t<\/div>\n\t\t\t\t<\/div>\n\t\t\t\t<\/div>","protected":false},"excerpt":{"rendered":"<p>La historia de nuestro pastel artesanal Un pastel que nace de la tradici\u00f3n familiar, los recuerdos y una receta que ha pasado de generaci\u00f3n en generaci\u00f3n. Una receta que viene de lejos Mi abuela materna ten\u00eda ra\u00edces lejanas de Bulgaria.Preparaba este pastel para toda la familia, convirti\u00e9ndolo en mucho m\u00e1s que una simple comida: era [&hellip;]<\/p>\n","protected":false},"author":1,"featured_media":0,"parent":0,"menu_order":0,"comment_status":"closed","ping_status":"closed","template":"","meta":{"_joinchat":[],"footnotes":""},"class_list":["post-25","page","type-page","status-publish","hentry"],"yoast_head":"<!-- This site is optimized with the Yoast SEO plugin v27.3 - https:\/\/yoast.com\/product\/yoast-seo-wordpress\/ -->\n<title>La historia del pastel de queso artesanal | Mama Sica<\/title>\n<meta name=\"description\" content=\"Descubre la historia de nuestro pastel de queso artesanal, una receta tradicional transmitida de generaci\u00f3n en generaci\u00f3n.\" \/>\n<meta name=\"robots\" content=\"index, follow, max-snippet:-1, max-image-preview:large, max-video-preview:-1\" \/>\n<link rel=\"canonical\" href=\"https:\/\/mamasica.es\/en\/historia\/\" \/>\n<meta property=\"og:locale\" content=\"en_US\" \/>\n<meta property=\"og:type\" content=\"article\" \/>\n<meta property=\"og:title\" content=\"La historia del pastel de queso artesanal | Mama Sica\" \/>\n<meta property=\"og:description\" content=\"Descubre la historia de nuestro pastel de queso artesanal, una receta tradicional transmitida de generaci\u00f3n en generaci\u00f3n.\" \/>\n<meta property=\"og:url\" content=\"https:\/\/mamasica.es\/en\/historia\/\" \/>\n<meta property=\"og:site_name\" content=\"Mama Sica\" \/>\n<meta property=\"article:modified_time\" content=\"2026-04-11T12:17:10+00:00\" \/>\n<meta property=\"og:image\" content=\"https:\/\/mamasica.es\/wp-content\/uploads\/2026\/04\/0E04AEC6-DDE0-40D0-A804-164A5808B9E8.jpg\" \/>\n\t<meta property=\"og:image:width\" content=\"1024\" \/>\n\t<meta property=\"og:image:height\" content=\"873\" \/>\n\t<meta property=\"og:image:type\" content=\"image\/jpeg\" \/>\n<meta name=\"twitter:card\" content=\"summary_large_image\" \/>\n<meta name=\"twitter:label1\" content=\"Est. reading time\" \/>\n\t<meta name=\"twitter:data1\" content=\"2 minutes\" \/>\n<script type=\"application\/ld+json\" class=\"yoast-schema-graph\">{\"@context\":\"https:\\\/\\\/schema.org\",\"@graph\":[{\"@type\":[\"WebPage\",\"AboutPage\"],\"@id\":\"https:\\\/\\\/mamasica.es\\\/historia\\\/\",\"url\":\"https:\\\/\\\/mamasica.es\\\/historia\\\/\",\"name\":\"La historia del pastel de queso artesanal | Mama Sica\",\"isPartOf\":{\"@id\":\"https:\\\/\\\/mamasica.es\\\/#website\"},\"primaryImageOfPage\":{\"@id\":\"https:\\\/\\\/mamasica.es\\\/historia\\\/#primaryimage\"},\"image\":{\"@id\":\"https:\\\/\\\/mamasica.es\\\/historia\\\/#primaryimage\"},\"thumbnailUrl\":\"https:\\\/\\\/mamasica.es\\\/wp-content\\\/uploads\\\/2026\\\/04\\\/0E04AEC6-DDE0-40D0-A804-164A5808B9E8.jpg\",\"datePublished\":\"2026-03-31T14:23:30+00:00\",\"dateModified\":\"2026-04-11T12:17:10+00:00\",\"description\":\"Descubre la historia de nuestro pastel de queso artesanal, una receta tradicional transmitida de generaci\u00f3n en generaci\u00f3n.\",\"breadcrumb\":{\"@id\":\"https:\\\/\\\/mamasica.es\\\/historia\\\/#breadcrumb\"},\"inLanguage\":\"en-US\",\"potentialAction\":[{\"@type\":\"ReadAction\",\"target\":[\"https:\\\/\\\/mamasica.es\\\/historia\\\/\"]}]},{\"@type\":\"ImageObject\",\"inLanguage\":\"en-US\",\"@id\":\"https:\\\/\\\/mamasica.es\\\/historia\\\/#primaryimage\",\"url\":\"https:\\\/\\\/mamasica.es\\\/wp-content\\\/uploads\\\/2026\\\/04\\\/0E04AEC6-DDE0-40D0-A804-164A5808B9E8.jpg\",\"contentUrl\":\"https:\\\/\\\/mamasica.es\\\/wp-content\\\/uploads\\\/2026\\\/04\\\/0E04AEC6-DDE0-40D0-A804-164A5808B9E8.jpg\"},{\"@type\":\"BreadcrumbList\",\"@id\":\"https:\\\/\\\/mamasica.es\\\/historia\\\/#breadcrumb\",\"itemListElement\":[{\"@type\":\"ListItem\",\"position\":1,\"name\":\"Portada\",\"item\":\"https:\\\/\\\/mamasica.es\\\/\"},{\"@type\":\"ListItem\",\"position\":2,\"name\":\"Historia\"}]},{\"@type\":\"WebSite\",\"@id\":\"https:\\\/\\\/mamasica.es\\\/#website\",\"url\":\"https:\\\/\\\/mamasica.es\\\/\",\"name\":\"Mama Sica\",\"description\":\"Pasteles Artesanales de queso\",\"publisher\":{\"@id\":\"https:\\\/\\\/mamasica.es\\\/#organization\"},\"potentialAction\":[{\"@type\":\"SearchAction\",\"target\":{\"@type\":\"EntryPoint\",\"urlTemplate\":\"https:\\\/\\\/mamasica.es\\\/?s={search_term_string}\"},\"query-input\":{\"@type\":\"PropertyValueSpecification\",\"valueRequired\":true,\"valueName\":\"search_term_string\"}}],\"inLanguage\":\"en-US\"},{\"@type\":\"Organization\",\"@id\":\"https:\\\/\\\/mamasica.es\\\/#organization\",\"name\":\"Mama Sica\",\"url\":\"https:\\\/\\\/mamasica.es\\\/\",\"logo\":{\"@type\":\"ImageObject\",\"inLanguage\":\"en-US\",\"@id\":\"https:\\\/\\\/mamasica.es\\\/#\\\/schema\\\/logo\\\/image\\\/\",\"url\":\"https:\\\/\\\/mamasica.es\\\/wp-content\\\/uploads\\\/2026\\\/03\\\/Mama-Sica_logo.svg\",\"contentUrl\":\"https:\\\/\\\/mamasica.es\\\/wp-content\\\/uploads\\\/2026\\\/03\\\/Mama-Sica_logo.svg\",\"width\":832,\"height\":627,\"caption\":\"Mama Sica\"},\"image\":{\"@id\":\"https:\\\/\\\/mamasica.es\\\/#\\\/schema\\\/logo\\\/image\\\/\"},\"sameAs\":[\"https:\\\/\\\/www.instagram.com\\\/sica_mama?igsh=ZnA1em1jamVsaGJj&utm_source=qr\"]}]}<\/script>\n<!-- \/ Yoast SEO plugin. -->","yoast_head_json":{"title":"La historia del pastel de queso artesanal | Mama Sica","description":"Descubre la historia de nuestro pastel de queso artesanal, una receta tradicional transmitida de generaci\u00f3n en generaci\u00f3n.","robots":{"index":"index","follow":"follow","max-snippet":"max-snippet:-1","max-image-preview":"max-image-preview:large","max-video-preview":"max-video-preview:-1"},"canonical":"https:\/\/mamasica.es\/en\/historia\/","og_locale":"en_US","og_type":"article","og_title":"La historia del pastel de queso artesanal | Mama Sica","og_description":"Descubre la historia de nuestro pastel de queso artesanal, una receta tradicional transmitida de generaci\u00f3n en generaci\u00f3n.","og_url":"https:\/\/mamasica.es\/en\/historia\/","og_site_name":"Mama Sica","article_modified_time":"2026-04-11T12:17:10+00:00","og_image":[{"width":1024,"height":873,"url":"https:\/\/mamasica.es\/wp-content\/uploads\/2026\/04\/0E04AEC6-DDE0-40D0-A804-164A5808B9E8.jpg","type":"image\/jpeg"}],"twitter_card":"summary_large_image","twitter_misc":{"Est. reading time":"2 minutes"},"schema":{"@context":"https:\/\/schema.org","@graph":[{"@type":["WebPage","AboutPage"],"@id":"https:\/\/mamasica.es\/historia\/","url":"https:\/\/mamasica.es\/historia\/","name":"La historia del pastel de queso artesanal | Mama Sica","isPartOf":{"@id":"https:\/\/mamasica.es\/#website"},"primaryImageOfPage":{"@id":"https:\/\/mamasica.es\/historia\/#primaryimage"},"image":{"@id":"https:\/\/mamasica.es\/historia\/#primaryimage"},"thumbnailUrl":"https:\/\/mamasica.es\/wp-content\/uploads\/2026\/04\/0E04AEC6-DDE0-40D0-A804-164A5808B9E8.jpg","datePublished":"2026-03-31T14:23:30+00:00","dateModified":"2026-04-11T12:17:10+00:00","description":"Descubre la historia de nuestro pastel de queso artesanal, una receta tradicional transmitida de generaci\u00f3n en generaci\u00f3n.","breadcrumb":{"@id":"https:\/\/mamasica.es\/historia\/#breadcrumb"},"inLanguage":"en-US","potentialAction":[{"@type":"ReadAction","target":["https:\/\/mamasica.es\/historia\/"]}]},{"@type":"ImageObject","inLanguage":"en-US","@id":"https:\/\/mamasica.es\/historia\/#primaryimage","url":"https:\/\/mamasica.es\/wp-content\/uploads\/2026\/04\/0E04AEC6-DDE0-40D0-A804-164A5808B9E8.jpg","contentUrl":"https:\/\/mamasica.es\/wp-content\/uploads\/2026\/04\/0E04AEC6-DDE0-40D0-A804-164A5808B9E8.jpg"},{"@type":"BreadcrumbList","@id":"https:\/\/mamasica.es\/historia\/#breadcrumb","itemListElement":[{"@type":"ListItem","position":1,"name":"Portada","item":"https:\/\/mamasica.es\/"},{"@type":"ListItem","position":2,"name":"Historia"}]},{"@type":"WebSite","@id":"https:\/\/mamasica.es\/#website","url":"https:\/\/mamasica.es\/","name":"Mama Sica","description":"Pasteles Artesanales de queso","publisher":{"@id":"https:\/\/mamasica.es\/#organization"},"potentialAction":[{"@type":"SearchAction","target":{"@type":"EntryPoint","urlTemplate":"https:\/\/mamasica.es\/?s={search_term_string}"},"query-input":{"@type":"PropertyValueSpecification","valueRequired":true,"valueName":"search_term_string"}}],"inLanguage":"en-US"},{"@type":"Organization","@id":"https:\/\/mamasica.es\/#organization","name":"Mama Sica","url":"https:\/\/mamasica.es\/","logo":{"@type":"ImageObject","inLanguage":"en-US","@id":"https:\/\/mamasica.es\/#\/schema\/logo\/image\/","url":"https:\/\/mamasica.es\/wp-content\/uploads\/2026\/03\/Mama-Sica_logo.svg","contentUrl":"https:\/\/mamasica.es\/wp-content\/uploads\/2026\/03\/Mama-Sica_logo.svg","width":832,"height":627,"caption":"Mama Sica"},"image":{"@id":"https:\/\/mamasica.es\/#\/schema\/logo\/image\/"},"sameAs":["https:\/\/www.instagram.com\/sica_mama?igsh=ZnA1em1jamVsaGJj&utm_source=qr"]}]}},"_links":{"self":[{"href":"https:\/\/mamasica.es\/en\/wp-json\/wp\/v2\/pages\/25","targetHints":{"allow":["GET"]}}],"collection":[{"href":"https:\/\/mamasica.es\/en\/wp-json\/wp\/v2\/pages"}],"about":[{"href":"https:\/\/mamasica.es\/en\/wp-json\/wp\/v2\/types\/page"}],"author":[{"embeddable":true,"href":"https:\/\/mamasica.es\/en\/wp-json\/wp\/v2\/users\/1"}],"replies":[{"embeddable":true,"href":"https:\/\/mamasica.es\/en\/wp-json\/wp\/v2\/comments?post=25"}],"version-history":[{"count":7,"href":"https:\/\/mamasica.es\/en\/wp-json\/wp\/v2\/pages\/25\/revisions"}],"predecessor-version":[{"id":252,"href":"https:\/\/mamasica.es\/en\/wp-json\/wp\/v2\/pages\/25\/revisions\/252"}],"wp:attachment":[{"href":"https:\/\/mamasica.es\/en\/wp-json\/wp\/v2\/media?parent=25"}],"curies":[{"name":"wp","href":"https:\/\/api.w.org\/{rel}","templated":true}]}}