{"id":29,"date":"2026-03-31T14:24:00","date_gmt":"2026-03-31T14:24:00","guid":{"rendered":"http:\/\/mamasica.es\/?page_id=29"},"modified":"2026-04-11T12:25:46","modified_gmt":"2026-04-11T12:25:46","slug":"donde-estamos","status":"publish","type":"page","link":"https:\/\/mamasica.es\/en\/donde-estamos\/","title":{"rendered":"Where to find us"},"content":{"rendered":"<div data-elementor-type=\"wp-page\" data-elementor-id=\"29\" class=\"elementor elementor-29\" data-elementor-post-type=\"page\">\n\t\t\t\t<div class=\"elementor-element elementor-element-73e16e0 e-flex e-con-boxed e-con e-parent\" data-id=\"73e16e0\" data-element_type=\"container\" data-e-type=\"container\">\n\t\t\t\t\t<div class=\"e-con-inner\">\n\t\t\t\t<div class=\"elementor-element elementor-element-b067039 elementor-widget elementor-widget-heading\" data-id=\"b067039\" data-element_type=\"widget\" data-e-type=\"widget\" data-widget_type=\"heading.default\">\n\t\t\t\t\t<h1 class=\"elementor-heading-title elementor-size-default\">How to find MaMa Sica?<\/h1>\t\t\t\t<\/div>\n\t\t\t\t<div class=\"elementor-element elementor-element-7dd0b51 elementor-widget elementor-widget-text-editor\" data-id=\"7dd0b51\" data-element_type=\"widget\" data-e-type=\"widget\" data-widget_type=\"text-editor.default\">\n\t\t\t\t\t\t\t\t\t<p class=\"translation-block\">You\u2019ll find us on the <b>second floor of Mercado Barcel\u00f3<\/b>, in the <b>Malasa\u00f1a neighborhood<\/b>.<\/p>\t\t\t\t\t\t\t\t<\/div>\n\t\t<div class=\"elementor-element elementor-element-f808517 e-con-full e-flex e-con e-child\" data-id=\"f808517\" data-element_type=\"container\" data-e-type=\"container\">\n\t\t<div class=\"elementor-element elementor-element-d16e465 e-con-full e-flex e-con e-child\" data-id=\"d16e465\" data-element_type=\"container\" data-e-type=\"container\">\n\t\t\t\t<div class=\"elementor-element elementor-element-e63c135 elementor-widget elementor-widget-heading\" data-id=\"e63c135\" data-element_type=\"widget\" data-e-type=\"widget\" data-widget_type=\"heading.default\">\n\t\t\t\t\t<h2 class=\"elementor-heading-title elementor-size-default\">Where to find us<\/h2>\t\t\t\t<\/div>\n\t\t\t\t<div class=\"elementor-element elementor-element-652e0cd elementor-widget elementor-widget-text-editor\" data-id=\"652e0cd\" data-element_type=\"widget\" data-e-type=\"widget\" data-widget_type=\"text-editor.default\">\n\t\t\t\t\t\t\t\t\t<p><b>We are in calle Barcel\u00f3 6, Madrid.<\/b><\/p><p>On the second floor of Mercado Barcel\u00f3 \u2014 the perfect place to enjoy our freshly made handcrafted cheesecakes.<\/p>\t\t\t\t\t\t\t\t<\/div>\n\t\t\t\t<div class=\"elementor-element elementor-element-f70aae2 elementor-widget elementor-widget-image\" data-id=\"f70aae2\" data-element_type=\"widget\" data-e-type=\"widget\" data-widget_type=\"image.default\">\n\t\t\t\t\t\t\t\t\t\t\t\t\t\t\t<img fetchpriority=\"high\" decoding=\"async\" width=\"800\" height=\"800\" src=\"https:\/\/mamasica.es\/wp-content\/uploads\/2026\/03\/ChatGPT-Image-23-mar-2026-12_31_32.png\" class=\"attachment-large size-large wp-image-99\" alt=\"\" srcset=\"https:\/\/mamasica.es\/wp-content\/uploads\/2026\/03\/ChatGPT-Image-23-mar-2026-12_31_32.png 1024w, https:\/\/mamasica.es\/wp-content\/uploads\/2026\/03\/ChatGPT-Image-23-mar-2026-12_31_32-300x300.png 300w, https:\/\/mamasica.es\/wp-content\/uploads\/2026\/03\/ChatGPT-Image-23-mar-2026-12_31_32-150x150.png 150w, https:\/\/mamasica.es\/wp-content\/uploads\/2026\/03\/ChatGPT-Image-23-mar-2026-12_31_32-768x768.png 768w\" sizes=\"(max-width: 800px) 100vw, 800px\" \/>\t\t\t\t\t\t\t\t\t\t\t\t\t\t\t<\/div>\n\t\t\t\t<\/div>\n\t\t<div class=\"elementor-element elementor-element-7ba379e e-con-full e-flex e-con e-child\" data-id=\"7ba379e\" data-element_type=\"container\" data-e-type=\"container\">\n\t\t\t\t<div class=\"elementor-element elementor-element-5121871 elementor-widget elementor-widget-heading\" data-id=\"5121871\" data-element_type=\"widget\" data-e-type=\"widget\" data-widget_type=\"heading.default\">\n\t\t\t\t\t<h2 class=\"elementor-heading-title elementor-size-default\">find us<\/h2>\t\t\t\t<\/div>\n\t\t\t\t<div class=\"elementor-element elementor-element-f4c25f0 elementor-widget elementor-widget-text-editor\" data-id=\"f4c25f0\" data-element_type=\"widget\" data-e-type=\"widget\" data-widget_type=\"text-editor.default\">\n\t\t\t\t\t\t\t\t\t<p><b>Public transport<\/b><\/p><p>On the second floor of Mercado Barcel\u00f3 \u2014 the perfect place to enjoy our freshly made handcrafted cheesecakes.<\/p>\t\t\t\t\t\t\t\t<\/div>\n\t\t\t\t<div class=\"elementor-element elementor-element-409ed90 elementor-widget elementor-widget-text-editor\" data-id=\"409ed90\" data-element_type=\"widget\" data-e-type=\"widget\" data-widget_type=\"text-editor.default\">\n\t\t\t\t\t\t\t\t\t<p><b>En coche<\/b><\/p><p>On the second floor of Mercado Barcel\u00f3 \u2014 the perfect place to enjoy our freshly made handcrafted cheesecakes.<\/p>\t\t\t\t\t\t\t\t<\/div>\n\t\t\t\t<\/div>\n\t\t\t\t<\/div>\n\t\t\t\t<div class=\"elementor-element elementor-element-32a45fc elementor-widget elementor-widget-heading\" data-id=\"32a45fc\" data-element_type=\"widget\" data-e-type=\"widget\" data-widget_type=\"heading.default\">\n\t\t\t\t\t<h2 class=\"elementor-heading-title elementor-size-default\">FIND US EASILY<\/h2>\t\t\t\t<\/div>\n\t\t\t\t<div class=\"elementor-element elementor-element-fa9345c elementor-align-center elementor-widget elementor-widget-button\" data-id=\"fa9345c\" data-element_type=\"widget\" data-e-type=\"widget\" data-widget_type=\"button.default\">\n\t\t\t\t\t\t\t\t\t\t<a class=\"elementor-button elementor-button-link elementor-size-sm\" href=\"#\">\n\t\t\t\t\t\t<span class=\"elementor-button-content-wrapper\">\n\t\t\t\t\t\t\t\t\t<span class=\"elementor-button-text\">open to google maps<\/span>\n\t\t\t\t\t<\/span>\n\t\t\t\t\t<\/a>\n\t\t\t\t\t\t\t\t<\/div>\n\t\t\t\t<div class=\"elementor-element elementor-element-c3486a8 elementor-widget elementor-widget-text-editor\" data-id=\"c3486a8\" data-element_type=\"widget\" data-e-type=\"widget\" data-widget_type=\"text-editor.default\">\n\t\t\t\t\t\t\t\t\t<p>\u00a1Te esperamos! Ven a descubrir nuestros pasteles artesanales y a compartir los sabores de esta receta tradicional.<\/p>\t\t\t\t\t\t\t\t<\/div>\n\t\t\t\t\t<\/div>\n\t\t\t\t<\/div>\n\t\t\t\t<\/div>","protected":false},"excerpt":{"rendered":"<p>\u00bfC\u00f3mo llegar a Mama Sica? Estamos en la 2\u00aa Planta del Mercado Barcel\u00f3 ubicado en el Barrio de Malasa\u00f1a. D\u00f3nde estamos Estamos en la calle Barcel\u00f3 6, Madrid. En el Mercado Barcel\u00f3 2\u00aa Planta, un espacio ideal para disfrutar de nuestros pasteles artesanales reci\u00e9n hechos. \u00bfC\u00d3MO LLEGAR? Transporte p\u00fablico En el Mercado Barcel\u00f3 2\u00aa Planta, [&hellip;]<\/p>\n","protected":false},"author":1,"featured_media":0,"parent":0,"menu_order":0,"comment_status":"closed","ping_status":"closed","template":"","meta":{"_joinchat":[],"footnotes":""},"class_list":["post-29","page","type-page","status-publish","hentry"],"yoast_head":"<!-- This site is optimized with the Yoast SEO plugin v27.3 - https:\/\/yoast.com\/product\/yoast-seo-wordpress\/ -->\n<title>C\u00f3mo llegar a Mama Sica | Pasteler\u00eda en Madrid<\/title>\n<meta name=\"description\" content=\"Descubre c\u00f3mo llegar a MaMa Sica, pasteler\u00eda artesanal en Madrid. Ven a probar nuestros pasteles de queso elaborados cada d\u00eda.\" \/>\n<meta name=\"robots\" content=\"index, follow, max-snippet:-1, max-image-preview:large, max-video-preview:-1\" \/>\n<link rel=\"canonical\" href=\"https:\/\/mamasica.es\/en\/donde-estamos\/\" \/>\n<meta property=\"og:locale\" content=\"en_US\" \/>\n<meta property=\"og:type\" content=\"article\" \/>\n<meta property=\"og:title\" content=\"C\u00f3mo llegar a Mama Sica | Pasteler\u00eda en Madrid\" \/>\n<meta property=\"og:description\" content=\"Descubre c\u00f3mo llegar a MaMa Sica, pasteler\u00eda artesanal en Madrid. Ven a probar nuestros pasteles de queso elaborados cada d\u00eda.\" \/>\n<meta property=\"og:url\" content=\"https:\/\/mamasica.es\/en\/donde-estamos\/\" \/>\n<meta property=\"og:site_name\" content=\"Mama Sica\" \/>\n<meta property=\"article:modified_time\" content=\"2026-04-11T12:25:46+00:00\" \/>\n<meta property=\"og:image\" content=\"https:\/\/mamasica.es\/wp-content\/uploads\/2026\/03\/ChatGPT-Image-23-mar-2026-12_31_32.png\" \/>\n\t<meta property=\"og:image:width\" content=\"1024\" \/>\n\t<meta property=\"og:image:height\" content=\"1024\" \/>\n\t<meta property=\"og:image:type\" content=\"image\/png\" \/>\n<meta name=\"twitter:card\" content=\"summary_large_image\" \/>\n<meta name=\"twitter:label1\" content=\"Est. reading time\" \/>\n\t<meta name=\"twitter:data1\" content=\"1 minute\" \/>\n<script type=\"application\/ld+json\" class=\"yoast-schema-graph\">{\"@context\":\"https:\\\/\\\/schema.org\",\"@graph\":[{\"@type\":\"WebPage\",\"@id\":\"https:\\\/\\\/mamasica.es\\\/donde-estamos\\\/\",\"url\":\"https:\\\/\\\/mamasica.es\\\/donde-estamos\\\/\",\"name\":\"C\u00f3mo llegar a Mama Sica | Pasteler\u00eda en Madrid\",\"isPartOf\":{\"@id\":\"https:\\\/\\\/mamasica.es\\\/#website\"},\"primaryImageOfPage\":{\"@id\":\"https:\\\/\\\/mamasica.es\\\/donde-estamos\\\/#primaryimage\"},\"image\":{\"@id\":\"https:\\\/\\\/mamasica.es\\\/donde-estamos\\\/#primaryimage\"},\"thumbnailUrl\":\"https:\\\/\\\/mamasica.es\\\/wp-content\\\/uploads\\\/2026\\\/03\\\/ChatGPT-Image-23-mar-2026-12_31_32.png\",\"datePublished\":\"2026-03-31T14:24:00+00:00\",\"dateModified\":\"2026-04-11T12:25:46+00:00\",\"description\":\"Descubre c\u00f3mo llegar a MaMa Sica, pasteler\u00eda artesanal en Madrid. Ven a probar nuestros pasteles de queso elaborados cada d\u00eda.\",\"breadcrumb\":{\"@id\":\"https:\\\/\\\/mamasica.es\\\/donde-estamos\\\/#breadcrumb\"},\"inLanguage\":\"en-US\",\"potentialAction\":[{\"@type\":\"ReadAction\",\"target\":[\"https:\\\/\\\/mamasica.es\\\/donde-estamos\\\/\"]}]},{\"@type\":\"ImageObject\",\"inLanguage\":\"en-US\",\"@id\":\"https:\\\/\\\/mamasica.es\\\/donde-estamos\\\/#primaryimage\",\"url\":\"https:\\\/\\\/mamasica.es\\\/wp-content\\\/uploads\\\/2026\\\/03\\\/ChatGPT-Image-23-mar-2026-12_31_32.png\",\"contentUrl\":\"https:\\\/\\\/mamasica.es\\\/wp-content\\\/uploads\\\/2026\\\/03\\\/ChatGPT-Image-23-mar-2026-12_31_32.png\"},{\"@type\":\"BreadcrumbList\",\"@id\":\"https:\\\/\\\/mamasica.es\\\/donde-estamos\\\/#breadcrumb\",\"itemListElement\":[{\"@type\":\"ListItem\",\"position\":1,\"name\":\"Portada\",\"item\":\"https:\\\/\\\/mamasica.es\\\/\"},{\"@type\":\"ListItem\",\"position\":2,\"name\":\"D\u00f3nde estamos\"}]},{\"@type\":\"WebSite\",\"@id\":\"https:\\\/\\\/mamasica.es\\\/#website\",\"url\":\"https:\\\/\\\/mamasica.es\\\/\",\"name\":\"Mama Sica\",\"description\":\"Pasteles Artesanales de queso\",\"publisher\":{\"@id\":\"https:\\\/\\\/mamasica.es\\\/#organization\"},\"potentialAction\":[{\"@type\":\"SearchAction\",\"target\":{\"@type\":\"EntryPoint\",\"urlTemplate\":\"https:\\\/\\\/mamasica.es\\\/?s={search_term_string}\"},\"query-input\":{\"@type\":\"PropertyValueSpecification\",\"valueRequired\":true,\"valueName\":\"search_term_string\"}}],\"inLanguage\":\"en-US\"},{\"@type\":\"Organization\",\"@id\":\"https:\\\/\\\/mamasica.es\\\/#organization\",\"name\":\"Mama Sica\",\"url\":\"https:\\\/\\\/mamasica.es\\\/\",\"logo\":{\"@type\":\"ImageObject\",\"inLanguage\":\"en-US\",\"@id\":\"https:\\\/\\\/mamasica.es\\\/#\\\/schema\\\/logo\\\/image\\\/\",\"url\":\"https:\\\/\\\/mamasica.es\\\/wp-content\\\/uploads\\\/2026\\\/03\\\/Mama-Sica_logo.svg\",\"contentUrl\":\"https:\\\/\\\/mamasica.es\\\/wp-content\\\/uploads\\\/2026\\\/03\\\/Mama-Sica_logo.svg\",\"width\":832,\"height\":627,\"caption\":\"Mama Sica\"},\"image\":{\"@id\":\"https:\\\/\\\/mamasica.es\\\/#\\\/schema\\\/logo\\\/image\\\/\"},\"sameAs\":[\"https:\\\/\\\/www.instagram.com\\\/sica_mama?igsh=ZnA1em1jamVsaGJj&utm_source=qr\"]}]}<\/script>\n<!-- \/ Yoast SEO plugin. -->","yoast_head_json":{"title":"C\u00f3mo llegar a Mama Sica | Pasteler\u00eda en Madrid","description":"Descubre c\u00f3mo llegar a MaMa Sica, pasteler\u00eda artesanal en Madrid. Ven a probar nuestros pasteles de queso elaborados cada d\u00eda.","robots":{"index":"index","follow":"follow","max-snippet":"max-snippet:-1","max-image-preview":"max-image-preview:large","max-video-preview":"max-video-preview:-1"},"canonical":"https:\/\/mamasica.es\/en\/donde-estamos\/","og_locale":"en_US","og_type":"article","og_title":"C\u00f3mo llegar a Mama Sica | Pasteler\u00eda en Madrid","og_description":"Descubre c\u00f3mo llegar a MaMa Sica, pasteler\u00eda artesanal en Madrid. Ven a probar nuestros pasteles de queso elaborados cada d\u00eda.","og_url":"https:\/\/mamasica.es\/en\/donde-estamos\/","og_site_name":"Mama Sica","article_modified_time":"2026-04-11T12:25:46+00:00","og_image":[{"width":1024,"height":1024,"url":"https:\/\/mamasica.es\/wp-content\/uploads\/2026\/03\/ChatGPT-Image-23-mar-2026-12_31_32.png","type":"image\/png"}],"twitter_card":"summary_large_image","twitter_misc":{"Est. reading time":"1 minute"},"schema":{"@context":"https:\/\/schema.org","@graph":[{"@type":"WebPage","@id":"https:\/\/mamasica.es\/donde-estamos\/","url":"https:\/\/mamasica.es\/donde-estamos\/","name":"C\u00f3mo llegar a Mama Sica | Pasteler\u00eda en Madrid","isPartOf":{"@id":"https:\/\/mamasica.es\/#website"},"primaryImageOfPage":{"@id":"https:\/\/mamasica.es\/donde-estamos\/#primaryimage"},"image":{"@id":"https:\/\/mamasica.es\/donde-estamos\/#primaryimage"},"thumbnailUrl":"https:\/\/mamasica.es\/wp-content\/uploads\/2026\/03\/ChatGPT-Image-23-mar-2026-12_31_32.png","datePublished":"2026-03-31T14:24:00+00:00","dateModified":"2026-04-11T12:25:46+00:00","description":"Descubre c\u00f3mo llegar a MaMa Sica, pasteler\u00eda artesanal en Madrid. Ven a probar nuestros pasteles de queso elaborados cada d\u00eda.","breadcrumb":{"@id":"https:\/\/mamasica.es\/donde-estamos\/#breadcrumb"},"inLanguage":"en-US","potentialAction":[{"@type":"ReadAction","target":["https:\/\/mamasica.es\/donde-estamos\/"]}]},{"@type":"ImageObject","inLanguage":"en-US","@id":"https:\/\/mamasica.es\/donde-estamos\/#primaryimage","url":"https:\/\/mamasica.es\/wp-content\/uploads\/2026\/03\/ChatGPT-Image-23-mar-2026-12_31_32.png","contentUrl":"https:\/\/mamasica.es\/wp-content\/uploads\/2026\/03\/ChatGPT-Image-23-mar-2026-12_31_32.png"},{"@type":"BreadcrumbList","@id":"https:\/\/mamasica.es\/donde-estamos\/#breadcrumb","itemListElement":[{"@type":"ListItem","position":1,"name":"Portada","item":"https:\/\/mamasica.es\/"},{"@type":"ListItem","position":2,"name":"D\u00f3nde estamos"}]},{"@type":"WebSite","@id":"https:\/\/mamasica.es\/#website","url":"https:\/\/mamasica.es\/","name":"Mama Sica","description":"Pasteles Artesanales de queso","publisher":{"@id":"https:\/\/mamasica.es\/#organization"},"potentialAction":[{"@type":"SearchAction","target":{"@type":"EntryPoint","urlTemplate":"https:\/\/mamasica.es\/?s={search_term_string}"},"query-input":{"@type":"PropertyValueSpecification","valueRequired":true,"valueName":"search_term_string"}}],"inLanguage":"en-US"},{"@type":"Organization","@id":"https:\/\/mamasica.es\/#organization","name":"Mama Sica","url":"https:\/\/mamasica.es\/","logo":{"@type":"ImageObject","inLanguage":"en-US","@id":"https:\/\/mamasica.es\/#\/schema\/logo\/image\/","url":"https:\/\/mamasica.es\/wp-content\/uploads\/2026\/03\/Mama-Sica_logo.svg","contentUrl":"https:\/\/mamasica.es\/wp-content\/uploads\/2026\/03\/Mama-Sica_logo.svg","width":832,"height":627,"caption":"Mama Sica"},"image":{"@id":"https:\/\/mamasica.es\/#\/schema\/logo\/image\/"},"sameAs":["https:\/\/www.instagram.com\/sica_mama?igsh=ZnA1em1jamVsaGJj&utm_source=qr"]}]}},"_links":{"self":[{"href":"https:\/\/mamasica.es\/en\/wp-json\/wp\/v2\/pages\/29","targetHints":{"allow":["GET"]}}],"collection":[{"href":"https:\/\/mamasica.es\/en\/wp-json\/wp\/v2\/pages"}],"about":[{"href":"https:\/\/mamasica.es\/en\/wp-json\/wp\/v2\/types\/page"}],"author":[{"embeddable":true,"href":"https:\/\/mamasica.es\/en\/wp-json\/wp\/v2\/users\/1"}],"replies":[{"embeddable":true,"href":"https:\/\/mamasica.es\/en\/wp-json\/wp\/v2\/comments?post=29"}],"version-history":[{"count":16,"href":"https:\/\/mamasica.es\/en\/wp-json\/wp\/v2\/pages\/29\/revisions"}],"predecessor-version":[{"id":264,"href":"https:\/\/mamasica.es\/en\/wp-json\/wp\/v2\/pages\/29\/revisions\/264"}],"wp:attachment":[{"href":"https:\/\/mamasica.es\/en\/wp-json\/wp\/v2\/media?parent=29"}],"curies":[{"name":"wp","href":"https:\/\/api.w.org\/{rel}","templated":true}]}}