{"id":3,"date":"2026-03-16T16:48:09","date_gmt":"2026-03-16T16:48:09","guid":{"rendered":"http:\/\/mamasica.es\/?page_id=3"},"modified":"2026-04-06T17:54:25","modified_gmt":"2026-04-06T17:54:25","slug":"politica-privacidad","status":"publish","type":"page","link":"https:\/\/mamasica.es\/en\/politica-privacidad\/","title":{"rendered":"Pol\u00edtica de Privacidad"},"content":{"rendered":"<div data-elementor-type=\"wp-page\" data-elementor-id=\"3\" class=\"elementor elementor-3\" data-elementor-post-type=\"page\">\n\t\t\t\t<div class=\"elementor-element elementor-element-7bfdd4fe e-flex e-con-boxed e-con e-parent\" data-id=\"7bfdd4fe\" data-element_type=\"container\" data-e-type=\"container\">\n\t\t\t\t\t<div class=\"e-con-inner\">\n\t\t\t\t<div class=\"elementor-element elementor-element-09328d9 elementor-widget elementor-widget-heading\" data-id=\"09328d9\" data-element_type=\"widget\" data-e-type=\"widget\" data-widget_type=\"heading.default\">\n\t\t\t\t\t<h2 class=\"elementor-heading-title elementor-size-default\">Pol\u00edtica de privacidad<\/h2>\t\t\t\t<\/div>\n\t\t\t\t<div class=\"elementor-element elementor-element-5e4d4ec8 elementor-widget elementor-widget-text-editor\" data-id=\"5e4d4ec8\" data-element_type=\"widget\" data-e-type=\"widget\" data-widget_type=\"text-editor.default\">\n\t\t\t\t\t\t\t\t\t\n<h2 class=\"wp-block-heading\" data-section-id=\"1pf51ep\" data-start=\"257\" data-end=\"293\"><strong>\u00a01. RESPONSABLE DEL TRATAMIENTO<\/strong><\/h2>\n<p data-start=\"295\" data-end=\"430\"><strong data-start=\"295\" data-end=\"307\">Titular:<\/strong> MaMa Sica<br data-start=\"317\" data-end=\"320\" \/><strong data-start=\"320\" data-end=\"332\">NIF\/CIF:<\/strong> B26940668<br data-start=\"344\" data-end=\"347\" \/><strong data-start=\"347\" data-end=\"361\">Direcci\u00f3n: <\/strong>c\/Barcel\u00f3, 6. Madrid. Mercado Barcel\u00f3 2\u00aa Planta<\/p>\n<p data-start=\"295\" data-end=\"430\"><strong data-start=\"386\" data-end=\"408\">Email de contacto:<\/strong> office@mamasica.es<\/p>\n<h2 data-section-id=\"1acd4ie\" data-start=\"437\" data-end=\"484\">\u00a0<\/h2>\n<h2 data-section-id=\"1acd4ie\" data-start=\"437\" data-end=\"484\"><strong>2. FINALIDAD DEL TRATAMIENTO DE LOS DATOS<\/strong><\/h2>\n<p data-start=\"486\" data-end=\"597\">En MaMa Sica tratamos la informaci\u00f3n que nos facilitan las personas interesadas con las siguientes finalidades:<\/p>\n<ul data-start=\"599\" data-end=\"858\">\n<li data-section-id=\"bdc11r\" data-start=\"599\" data-end=\"676\">Atender consultas realizadas a trav\u00e9s de formularios o correo electr\u00f3nico<\/li>\n<li data-section-id=\"5ymn21\" data-start=\"677\" data-end=\"742\">Gestionar solicitudes de informaci\u00f3n sobre nuestros productos<\/li>\n<li data-section-id=\"1fanpwr\" data-start=\"743\" data-end=\"790\">Mejorar la experiencia de usuario en la web<\/li>\n<li data-section-id=\"14qgte0\" data-start=\"791\" data-end=\"858\">Analizar el uso del sitio web para optimizar nuestros servicios<\/li>\n<\/ul>\n<h2 data-section-id=\"1g1pwp1\" data-start=\"865\" data-end=\"886\">\u00a0<\/h2>\n<h2 data-section-id=\"1g1pwp1\" data-start=\"865\" data-end=\"886\"><strong>3. LEGITIMACI\u00d3N<\/strong><\/h2>\n<p data-start=\"888\" data-end=\"927\">El tratamiento de sus datos se basa en:<\/p>\n<ul data-start=\"929\" data-end=\"1044\">\n<li data-section-id=\"16bc2ki\" data-start=\"929\" data-end=\"988\">El consentimiento del usuario al contactar con nosotros<\/li>\n<li data-section-id=\"nx0yuv\" data-start=\"989\" data-end=\"1044\">El inter\u00e9s leg\u00edtimo para mejorar nuestros servicios<\/li>\n<\/ul>\n<h2 data-section-id=\"1d5l0mx\" data-start=\"1051\" data-end=\"1085\">\u00a0<\/h2>\n<h2 data-section-id=\"1d5l0mx\" data-start=\"1051\" data-end=\"1085\"><strong>\u00a04. CONSERVACI\u00d3N DE LOS DATOS<\/strong><\/h2>\n<p data-start=\"1087\" data-end=\"1112\">Los datos se conservar\u00e1n:<\/p>\n<ul data-start=\"1114\" data-end=\"1227\">\n<li data-section-id=\"mcnn6b\" data-start=\"1114\" data-end=\"1165\">Mientras se mantenga la relaci\u00f3n con el usuario<\/li>\n<li data-section-id=\"1snio56\" data-start=\"1166\" data-end=\"1227\">El tiempo necesario para cumplir con obligaciones legales<\/li>\n<\/ul>\n<h2 data-section-id=\"1ed20p8\" data-start=\"1234\" data-end=\"1269\">\u00a0<\/h2>\n<h2 data-section-id=\"1ed20p8\" data-start=\"1234\" data-end=\"1269\"><strong>5. DESTINATARIOS DE LOS DATOS<\/strong><\/h2>\n<p data-start=\"1271\" data-end=\"1326\">No se ceder\u00e1n datos a terceros, salvo obligaci\u00f3n legal.<\/p>\n<p data-start=\"1328\" data-end=\"1418\">Sin embargo, pueden utilizarse herramientas de terceros que implican tratamiento de datos:<\/p>\n<ul data-start=\"1420\" data-end=\"1550\">\n<li data-section-id=\"173u6hm\" data-start=\"1420\" data-end=\"1486\">Meta<\/li>\n<li data-section-id=\"w4ihfb\" data-start=\"1487\" data-end=\"1550\"><span class=\"hover:entity-accent entity-underline inline cursor-pointer align-baseline\"><span class=\"whitespace-normal\">Google<\/span><\/span> (servicios asociados)<\/li>\n<\/ul>\n<h2 data-section-id=\"fsqe17\" data-start=\"1557\" data-end=\"1586\">\u00a0<\/h2>\n<h2 data-section-id=\"fsqe17\" data-start=\"1557\" data-end=\"1586\"><strong>\u00a06. DERECHOS DEL USUARIO<\/strong><\/h2>\n<p data-start=\"1588\" data-end=\"1622\">Cualquier persona tiene derecho a:<\/p>\n<ul data-start=\"1624\" data-end=\"1818\">\n<li data-section-id=\"1lp0z54\" data-start=\"1624\" data-end=\"1658\">Acceder a sus datos personales<\/li>\n<li data-section-id=\"komgff\" data-start=\"1659\" data-end=\"1701\">Solicitar la rectificaci\u00f3n o supresi\u00f3n<\/li>\n<li data-section-id=\"zl9vsj\" data-start=\"1702\" data-end=\"1747\">Solicitar la limitaci\u00f3n de su tratamiento<\/li>\n<li data-section-id=\"z2v4ho\" data-start=\"1748\" data-end=\"1775\">Oponerse al tratamiento<\/li>\n<li data-section-id=\"1hi8m3e\" data-start=\"1776\" data-end=\"1818\">Solicitar la portabilidad de los datos<\/li>\n<\/ul>\n<p data-start=\"1820\" data-end=\"1867\">Puede ejercer sus derechos enviando un email a:<\/p>\n<p data-start=\"1869\" data-end=\"1891\">office@mamasica.es<\/p>\n<h2 data-section-id=\"1yst1j6\" data-start=\"1898\" data-end=\"1929\">\u00a0<\/h2>\n<h2 data-section-id=\"1yst1j6\" data-start=\"1898\" data-end=\"1929\"><strong>7. SEGURIDAD DE LOS DATOS<\/strong><\/h2>\n<p data-start=\"1931\" data-end=\"2104\">MaMa Sica aplica las medidas t\u00e9cnicas y organizativas necesarias para garantizar la seguridad de los datos personales y evitar su p\u00e9rdida, alteraci\u00f3n o acceso no autorizado.<\/p>\n<h2 data-section-id=\"1yt9y3c\" data-start=\"2111\" data-end=\"2127\">\u00a0<\/h2>\n<h2 data-section-id=\"1yt9y3c\" data-start=\"2111\" data-end=\"2127\"><strong>8. COOKIES<\/strong><\/h2>\n<p data-start=\"2129\" data-end=\"2264\">Este sitio web utiliza cookies para mejorar la experiencia del usuario. Puede consultar m\u00e1s informaci\u00f3n en nuestra Pol\u00edtica de Cookies.<\/p>\n<h2 data-section-id=\"13njw35\" data-start=\"2271\" data-end=\"2294\">\u00a0<\/h2>\n<h2 data-section-id=\"13njw35\" data-start=\"2271\" data-end=\"2294\"><strong>\u00a09. MODIFICACIONES<\/strong><\/h2>\n<p data-start=\"2296\" data-end=\"2422\">MaMa Sica se reserva el derecho de modificar la presente pol\u00edtica para adaptarla a novedades legislativas o jurisprudenciales.<\/p>\t\t\t\t\t\t\t\t<\/div>\n\t\t\t\t\t<\/div>\n\t\t\t\t<\/div>\n\t\t\t\t<\/div>","protected":false},"excerpt":{"rendered":"<p>Pol\u00edtica de privacidad \u00a01. RESPONSABLE DEL TRATAMIENTO Titular: MaMa SicaNIF\/CIF: B26940668Direcci\u00f3n: c\/Barcel\u00f3, 6. Madrid. Mercado Barcel\u00f3 2\u00aa Planta Email de contacto: office@mamasica.es \u00a0 2. FINALIDAD DEL TRATAMIENTO DE LOS DATOS En MaMa Sica tratamos la informaci\u00f3n que nos facilitan las personas interesadas con las siguientes finalidades: Atender consultas realizadas a trav\u00e9s de formularios o correo [&hellip;]<\/p>\n","protected":false},"author":1,"featured_media":0,"parent":0,"menu_order":0,"comment_status":"closed","ping_status":"closed","template":"","meta":{"_joinchat":[],"footnotes":""},"class_list":["post-3","page","type-page","status-publish","hentry"],"yoast_head":"<!-- This site is optimized with the Yoast SEO plugin v27.3 - https:\/\/yoast.com\/product\/yoast-seo-wordpress\/ -->\n<title>Pol\u00edtica de Privacidad - Mama Sica<\/title>\n<meta name=\"robots\" content=\"index, follow, max-snippet:-1, max-image-preview:large, max-video-preview:-1\" \/>\n<link rel=\"canonical\" href=\"https:\/\/mamasica.es\/en\/politica-privacidad\/\" \/>\n<meta property=\"og:locale\" content=\"en_US\" \/>\n<meta property=\"og:type\" content=\"article\" \/>\n<meta property=\"og:title\" content=\"Pol\u00edtica de Privacidad - Mama Sica\" \/>\n<meta property=\"og:description\" content=\"Pol\u00edtica de privacidad \u00a01. RESPONSABLE DEL TRATAMIENTO Titular: MaMa SicaNIF\/CIF: B26940668Direcci\u00f3n: c\/Barcel\u00f3, 6. Madrid. Mercado Barcel\u00f3 2\u00aa Planta Email de contacto: office@mamasica.es \u00a0 2. FINALIDAD DEL TRATAMIENTO DE LOS DATOS En MaMa Sica tratamos la informaci\u00f3n que nos facilitan las personas interesadas con las siguientes finalidades: Atender consultas realizadas a trav\u00e9s de formularios o correo [&hellip;]\" \/>\n<meta property=\"og:url\" content=\"https:\/\/mamasica.es\/en\/politica-privacidad\/\" \/>\n<meta property=\"og:site_name\" content=\"Mama Sica\" \/>\n<meta property=\"article:modified_time\" content=\"2026-04-06T17:54:25+00:00\" \/>\n<meta name=\"twitter:card\" content=\"summary_large_image\" \/>\n<meta name=\"twitter:label1\" content=\"Est. reading time\" \/>\n\t<meta name=\"twitter:data1\" content=\"1 minute\" \/>\n<script type=\"application\/ld+json\" class=\"yoast-schema-graph\">{\"@context\":\"https:\\\/\\\/schema.org\",\"@graph\":[{\"@type\":\"WebPage\",\"@id\":\"https:\\\/\\\/mamasica.es\\\/politica-privacidad\\\/\",\"url\":\"https:\\\/\\\/mamasica.es\\\/politica-privacidad\\\/\",\"name\":\"Pol\u00edtica de Privacidad - Mama Sica\",\"isPartOf\":{\"@id\":\"https:\\\/\\\/mamasica.es\\\/#website\"},\"datePublished\":\"2026-03-16T16:48:09+00:00\",\"dateModified\":\"2026-04-06T17:54:25+00:00\",\"breadcrumb\":{\"@id\":\"https:\\\/\\\/mamasica.es\\\/politica-privacidad\\\/#breadcrumb\"},\"inLanguage\":\"en-US\",\"potentialAction\":[{\"@type\":\"ReadAction\",\"target\":[\"https:\\\/\\\/mamasica.es\\\/politica-privacidad\\\/\"]}]},{\"@type\":\"BreadcrumbList\",\"@id\":\"https:\\\/\\\/mamasica.es\\\/politica-privacidad\\\/#breadcrumb\",\"itemListElement\":[{\"@type\":\"ListItem\",\"position\":1,\"name\":\"Portada\",\"item\":\"https:\\\/\\\/mamasica.es\\\/\"},{\"@type\":\"ListItem\",\"position\":2,\"name\":\"Pol\u00edtica de Privacidad\"}]},{\"@type\":\"WebSite\",\"@id\":\"https:\\\/\\\/mamasica.es\\\/#website\",\"url\":\"https:\\\/\\\/mamasica.es\\\/\",\"name\":\"Mama Sica\",\"description\":\"Pasteles Artesanales de queso\",\"publisher\":{\"@id\":\"https:\\\/\\\/mamasica.es\\\/#organization\"},\"potentialAction\":[{\"@type\":\"SearchAction\",\"target\":{\"@type\":\"EntryPoint\",\"urlTemplate\":\"https:\\\/\\\/mamasica.es\\\/?s={search_term_string}\"},\"query-input\":{\"@type\":\"PropertyValueSpecification\",\"valueRequired\":true,\"valueName\":\"search_term_string\"}}],\"inLanguage\":\"en-US\"},{\"@type\":\"Organization\",\"@id\":\"https:\\\/\\\/mamasica.es\\\/#organization\",\"name\":\"Mama Sica\",\"url\":\"https:\\\/\\\/mamasica.es\\\/\",\"logo\":{\"@type\":\"ImageObject\",\"inLanguage\":\"en-US\",\"@id\":\"https:\\\/\\\/mamasica.es\\\/#\\\/schema\\\/logo\\\/image\\\/\",\"url\":\"https:\\\/\\\/mamasica.es\\\/wp-content\\\/uploads\\\/2026\\\/03\\\/Mama-Sica_logo.svg\",\"contentUrl\":\"https:\\\/\\\/mamasica.es\\\/wp-content\\\/uploads\\\/2026\\\/03\\\/Mama-Sica_logo.svg\",\"width\":832,\"height\":627,\"caption\":\"Mama Sica\"},\"image\":{\"@id\":\"https:\\\/\\\/mamasica.es\\\/#\\\/schema\\\/logo\\\/image\\\/\"},\"sameAs\":[\"https:\\\/\\\/www.instagram.com\\\/sica_mama?igsh=ZnA1em1jamVsaGJj&utm_source=qr\"]}]}<\/script>\n<!-- \/ Yoast SEO plugin. -->","yoast_head_json":{"title":"Pol\u00edtica de Privacidad - Mama Sica","robots":{"index":"index","follow":"follow","max-snippet":"max-snippet:-1","max-image-preview":"max-image-preview:large","max-video-preview":"max-video-preview:-1"},"canonical":"https:\/\/mamasica.es\/en\/politica-privacidad\/","og_locale":"en_US","og_type":"article","og_title":"Pol\u00edtica de Privacidad - Mama Sica","og_description":"Pol\u00edtica de privacidad \u00a01. RESPONSABLE DEL TRATAMIENTO Titular: MaMa SicaNIF\/CIF: B26940668Direcci\u00f3n: c\/Barcel\u00f3, 6. Madrid. Mercado Barcel\u00f3 2\u00aa Planta Email de contacto: office@mamasica.es \u00a0 2. FINALIDAD DEL TRATAMIENTO DE LOS DATOS En MaMa Sica tratamos la informaci\u00f3n que nos facilitan las personas interesadas con las siguientes finalidades: Atender consultas realizadas a trav\u00e9s de formularios o correo [&hellip;]","og_url":"https:\/\/mamasica.es\/en\/politica-privacidad\/","og_site_name":"Mama Sica","article_modified_time":"2026-04-06T17:54:25+00:00","twitter_card":"summary_large_image","twitter_misc":{"Est. reading time":"1 minute"},"schema":{"@context":"https:\/\/schema.org","@graph":[{"@type":"WebPage","@id":"https:\/\/mamasica.es\/politica-privacidad\/","url":"https:\/\/mamasica.es\/politica-privacidad\/","name":"Pol\u00edtica de Privacidad - Mama Sica","isPartOf":{"@id":"https:\/\/mamasica.es\/#website"},"datePublished":"2026-03-16T16:48:09+00:00","dateModified":"2026-04-06T17:54:25+00:00","breadcrumb":{"@id":"https:\/\/mamasica.es\/politica-privacidad\/#breadcrumb"},"inLanguage":"en-US","potentialAction":[{"@type":"ReadAction","target":["https:\/\/mamasica.es\/politica-privacidad\/"]}]},{"@type":"BreadcrumbList","@id":"https:\/\/mamasica.es\/politica-privacidad\/#breadcrumb","itemListElement":[{"@type":"ListItem","position":1,"name":"Portada","item":"https:\/\/mamasica.es\/"},{"@type":"ListItem","position":2,"name":"Pol\u00edtica de Privacidad"}]},{"@type":"WebSite","@id":"https:\/\/mamasica.es\/#website","url":"https:\/\/mamasica.es\/","name":"Mama Sica","description":"Pasteles Artesanales de queso","publisher":{"@id":"https:\/\/mamasica.es\/#organization"},"potentialAction":[{"@type":"SearchAction","target":{"@type":"EntryPoint","urlTemplate":"https:\/\/mamasica.es\/?s={search_term_string}"},"query-input":{"@type":"PropertyValueSpecification","valueRequired":true,"valueName":"search_term_string"}}],"inLanguage":"en-US"},{"@type":"Organization","@id":"https:\/\/mamasica.es\/#organization","name":"Mama Sica","url":"https:\/\/mamasica.es\/","logo":{"@type":"ImageObject","inLanguage":"en-US","@id":"https:\/\/mamasica.es\/#\/schema\/logo\/image\/","url":"https:\/\/mamasica.es\/wp-content\/uploads\/2026\/03\/Mama-Sica_logo.svg","contentUrl":"https:\/\/mamasica.es\/wp-content\/uploads\/2026\/03\/Mama-Sica_logo.svg","width":832,"height":627,"caption":"Mama Sica"},"image":{"@id":"https:\/\/mamasica.es\/#\/schema\/logo\/image\/"},"sameAs":["https:\/\/www.instagram.com\/sica_mama?igsh=ZnA1em1jamVsaGJj&utm_source=qr"]}]}},"_links":{"self":[{"href":"https:\/\/mamasica.es\/en\/wp-json\/wp\/v2\/pages\/3","targetHints":{"allow":["GET"]}}],"collection":[{"href":"https:\/\/mamasica.es\/en\/wp-json\/wp\/v2\/pages"}],"about":[{"href":"https:\/\/mamasica.es\/en\/wp-json\/wp\/v2\/types\/page"}],"author":[{"embeddable":true,"href":"https:\/\/mamasica.es\/en\/wp-json\/wp\/v2\/users\/1"}],"replies":[{"embeddable":true,"href":"https:\/\/mamasica.es\/en\/wp-json\/wp\/v2\/comments?post=3"}],"version-history":[{"count":7,"href":"https:\/\/mamasica.es\/en\/wp-json\/wp\/v2\/pages\/3\/revisions"}],"predecessor-version":[{"id":203,"href":"https:\/\/mamasica.es\/en\/wp-json\/wp\/v2\/pages\/3\/revisions\/203"}],"wp:attachment":[{"href":"https:\/\/mamasica.es\/en\/wp-json\/wp\/v2\/media?parent=3"}],"curies":[{"name":"wp","href":"https:\/\/api.w.org\/{rel}","templated":true}]}}