{"id":53,"date":"2026-03-31T15:38:56","date_gmt":"2026-03-31T15:38:56","guid":{"rendered":"http:\/\/mamasica.es\/?page_id=53"},"modified":"2026-04-06T17:52:29","modified_gmt":"2026-04-06T17:52:29","slug":"politica-de-cookies","status":"publish","type":"page","link":"https:\/\/mamasica.es\/en\/politica-de-cookies\/","title":{"rendered":"Politica de cookies"},"content":{"rendered":"<div data-elementor-type=\"wp-page\" data-elementor-id=\"53\" class=\"elementor elementor-53\" data-elementor-post-type=\"page\">\n\t\t\t\t<div class=\"elementor-element elementor-element-d43b87b e-flex e-con-boxed e-con e-parent\" data-id=\"d43b87b\" data-element_type=\"container\" data-e-type=\"container\">\n\t\t\t\t\t<div class=\"e-con-inner\">\n\t\t\t\t<div class=\"elementor-element elementor-element-d879fe8 elementor-widget elementor-widget-heading\" data-id=\"d879fe8\" data-element_type=\"widget\" data-e-type=\"widget\" data-widget_type=\"heading.default\">\n\t\t\t\t\t<h2 class=\"elementor-heading-title elementor-size-default\">Pol\u00edtica de cookies<\/h2>\t\t\t\t<\/div>\n\t\t\t\t<div class=\"elementor-element elementor-element-d49c92d elementor-widget elementor-widget-text-editor\" data-id=\"d49c92d\" data-element_type=\"widget\" data-e-type=\"widget\" data-widget_type=\"text-editor.default\">\n\t\t\t\t\t\t\t\t\t<h2 data-section-id=\"lif1ww\" data-start=\"330\" data-end=\"360\"><strong>\u00a01. \u00bfQU\u00c9 SON LAS COOKIES?<\/strong><\/h2><p data-start=\"362\" data-end=\"635\">Las cookies son peque\u00f1os archivos de texto que se almacenan en el dispositivo del usuario al visitar un sitio web. Permiten, entre otras cosas, reconocer al usuario, obtener informaci\u00f3n sobre sus h\u00e1bitos de navegaci\u00f3n o personalizar la forma en que se muestra el contenido.<\/p><h2 data-section-id=\"p5l29u\" data-start=\"642\" data-end=\"678\">\u00a0<\/h2><h2 data-section-id=\"p5l29u\" data-start=\"642\" data-end=\"678\"><strong>2. TIPOS DE COOKIES UTILIZADAS<\/strong><\/h2><p data-start=\"680\" data-end=\"735\">Este sitio web utiliza los siguientes tipos de cookies:<\/p><p data-section-id=\"13z4g9p\" data-start=\"742\" data-end=\"765\"><strong>Cookies t\u00e9cnicas<\/strong><\/p><p data-start=\"767\" data-end=\"882\">Son necesarias para el funcionamiento de la web y permiten, por ejemplo, la navegaci\u00f3n o el acceso a \u00e1reas seguras.<\/p><p data-section-id=\"39k906\" data-start=\"889\" data-end=\"915\"><strong>Cookies de an\u00e1lisis<\/strong><\/p><p data-start=\"917\" data-end=\"1025\">Permiten cuantificar el n\u00famero de usuarios y realizar medici\u00f3n y an\u00e1lisis estad\u00edstico del uso del sitio web.<\/p><p data-start=\"1027\" data-end=\"1041\">Utilizamos: <span class=\"hover:entity-accent entity-underline inline cursor-pointer align-baseline\"><span class=\"whitespace-normal\">Google Analytics<\/span><\/span><\/p><p data-start=\"1027\" data-end=\"1041\"><strong>Cookies publicitarias<\/strong><\/p><p data-start=\"1121\" data-end=\"1186\">Permiten gestionar los espacios publicitarios de forma eficiente.<\/p><p data-start=\"1121\" data-end=\"1186\"><strong>Cookies de publicidad comportamental<\/strong><\/p><p data-start=\"1238\" data-end=\"1371\">Almacenan informaci\u00f3n del comportamiento de los usuarios obtenida a trav\u00e9s de la observaci\u00f3n continuada de sus h\u00e1bitos de navegaci\u00f3n.<\/p><p data-start=\"1373\" data-end=\"1387\">Utilizamos:<\/p><ul data-start=\"1389\" data-end=\"1472\"><li data-section-id=\"cgv1px\" data-start=\"1389\" data-end=\"1430\"><span class=\"hover:entity-accent entity-underline inline cursor-pointer align-baseline\"><span class=\"whitespace-normal\">Google Ads<\/span><\/span><\/li><li data-section-id=\"eyrt5h\" data-start=\"1431\" data-end=\"1472\"><span class=\"hover:entity-accent entity-underline inline cursor-pointer align-baseline\"><span class=\"whitespace-normal\">Meta<\/span><\/span><\/li><\/ul><p data-start=\"1474\" data-end=\"1565\">Estas cookies permiten mostrar anuncios relevantes en funci\u00f3n de los intereses del usuario.<\/p><p data-start=\"1474\" data-end=\"1565\">\u00a0<\/p><p data-start=\"1474\" data-end=\"1565\"><strong>3. COOKIES DE TERCEROS<\/strong><\/p><p data-start=\"1602\" data-end=\"1719\">Este sitio web puede utilizar servicios de terceros que recopilan informaci\u00f3n con fines estad\u00edsticos y publicitarios.<\/p><p data-start=\"1721\" data-end=\"1757\">Puedes consultar sus pol\u00edticas aqu\u00ed:<\/p><ul data-start=\"1759\" data-end=\"1871\"><li data-section-id=\"1wjxkr7\" data-start=\"1759\" data-end=\"1819\">Google: <a class=\"decorated-link\" href=\"https:\/\/policies.google.com\/technologies\/cookies\" target=\"_new\" rel=\"noopener\" data-start=\"1769\" data-end=\"1817\">https:\/\/policies.google.com\/technologies\/cookies<\/a><\/li><li data-section-id=\"17evkmp\" data-start=\"1820\" data-end=\"1871\">Meta: <a class=\"decorated-link\" href=\"https:\/\/www.facebook.com\/policies\/cookies\" target=\"_new\" rel=\"noopener\" data-start=\"1828\" data-end=\"1869\">https:\/\/www.facebook.com\/policies\/cookies<\/a><\/li><\/ul><h2 data-section-id=\"138jcue\" data-start=\"1878\" data-end=\"1921\">\u00a0<\/h2><h2 data-section-id=\"138jcue\" data-start=\"1878\" data-end=\"1921\"><strong>4. GESTI\u00d3N Y CONFIGURACI\u00d3N DE COOKIES<\/strong><\/h2><p data-start=\"1923\" data-end=\"2051\">El usuario puede permitir, bloquear o eliminar las cookies instaladas en su dispositivo mediante la configuraci\u00f3n del navegador.<\/p><p data-start=\"2053\" data-end=\"2137\">A continuaci\u00f3n, puedes acceder a la configuraci\u00f3n de los navegadores m\u00e1s habituales:<\/p><ul data-start=\"2139\" data-end=\"2181\"><li data-section-id=\"aoo9xy\" data-start=\"2139\" data-end=\"2149\">Chrome<\/li><li data-section-id=\"bcdque\" data-start=\"2150\" data-end=\"2160\">Safari<\/li><li data-section-id=\"cuslc1\" data-start=\"2161\" data-end=\"2172\">Firefox<\/li><li data-section-id=\"1yt37wr\" data-start=\"2173\" data-end=\"2181\">Edge<\/li><\/ul><h2 data-section-id=\"1uf7efl\" data-start=\"2188\" data-end=\"2211\">\u00a0<\/h2><h2 data-section-id=\"1uf7efl\" data-start=\"2188\" data-end=\"2211\"><strong>5. CONSENTIMIENTO<\/strong><\/h2><p data-start=\"2213\" data-end=\"2290\">Al acceder a este sitio web, el usuario ver\u00e1 un aviso de cookies donde podr\u00e1:<\/p><ul data-start=\"2292\" data-end=\"2392\"><li data-section-id=\"1yks8fw\" data-start=\"2292\" data-end=\"2321\">Aceptar todas las cookies<\/li><li data-section-id=\"1y0yvye\" data-start=\"2322\" data-end=\"2353\">Configurar sus preferencias<\/li><li data-section-id=\"1t85boi\" data-start=\"2354\" data-end=\"2392\">Rechazar las cookies no necesarias<\/li><\/ul><h2 data-section-id=\"1jvatku\" data-start=\"2399\" data-end=\"2422\">\u00a0<\/h2><h2 data-section-id=\"1jvatku\" data-start=\"2399\" data-end=\"2422\"><strong>6. MODIFICACIONES<\/strong><\/h2><p data-start=\"2424\" data-end=\"2521\">La presente Pol\u00edtica de Cookies puede actualizarse en funci\u00f3n de cambios legislativos o t\u00e9cnicos.<\/p>\t\t\t\t\t\t\t\t<\/div>\n\t\t\t\t\t<\/div>\n\t\t\t\t<\/div>\n\t\t\t\t<\/div>","protected":false},"excerpt":{"rendered":"<p>Pol\u00edtica de cookies \u00a01. \u00bfQU\u00c9 SON LAS COOKIES? Las cookies son peque\u00f1os archivos de texto que se almacenan en el dispositivo del usuario al visitar un sitio web. Permiten, entre otras cosas, reconocer al usuario, obtener informaci\u00f3n sobre sus h\u00e1bitos de navegaci\u00f3n o personalizar la forma en que se muestra el contenido. \u00a0 2. TIPOS [&hellip;]<\/p>\n","protected":false},"author":1,"featured_media":0,"parent":0,"menu_order":0,"comment_status":"closed","ping_status":"closed","template":"","meta":{"_joinchat":[],"footnotes":""},"class_list":["post-53","page","type-page","status-publish","hentry"],"yoast_head":"<!-- This site is optimized with the Yoast SEO plugin v27.3 - https:\/\/yoast.com\/product\/yoast-seo-wordpress\/ -->\n<title>Politica de cookies - Mama Sica<\/title>\n<meta name=\"robots\" content=\"index, follow, max-snippet:-1, max-image-preview:large, max-video-preview:-1\" \/>\n<link rel=\"canonical\" href=\"https:\/\/mamasica.es\/en\/politica-de-cookies\/\" \/>\n<meta property=\"og:locale\" content=\"en_US\" \/>\n<meta property=\"og:type\" content=\"article\" \/>\n<meta property=\"og:title\" content=\"Politica de cookies - Mama Sica\" \/>\n<meta property=\"og:description\" content=\"Pol\u00edtica de cookies \u00a01. \u00bfQU\u00c9 SON LAS COOKIES? Las cookies son peque\u00f1os archivos de texto que se almacenan en el dispositivo del usuario al visitar un sitio web. Permiten, entre otras cosas, reconocer al usuario, obtener informaci\u00f3n sobre sus h\u00e1bitos de navegaci\u00f3n o personalizar la forma en que se muestra el contenido. \u00a0 2. TIPOS [&hellip;]\" \/>\n<meta property=\"og:url\" content=\"https:\/\/mamasica.es\/en\/politica-de-cookies\/\" \/>\n<meta property=\"og:site_name\" content=\"Mama Sica\" \/>\n<meta property=\"article:modified_time\" content=\"2026-04-06T17:52:29+00:00\" \/>\n<meta name=\"twitter:card\" content=\"summary_large_image\" \/>\n<meta name=\"twitter:label1\" content=\"Est. reading time\" \/>\n\t<meta name=\"twitter:data1\" content=\"1 minute\" \/>\n<script type=\"application\/ld+json\" class=\"yoast-schema-graph\">{\"@context\":\"https:\\\/\\\/schema.org\",\"@graph\":[{\"@type\":\"WebPage\",\"@id\":\"https:\\\/\\\/mamasica.es\\\/politica-de-cookies\\\/\",\"url\":\"https:\\\/\\\/mamasica.es\\\/politica-de-cookies\\\/\",\"name\":\"Politica de cookies - Mama Sica\",\"isPartOf\":{\"@id\":\"https:\\\/\\\/mamasica.es\\\/#website\"},\"datePublished\":\"2026-03-31T15:38:56+00:00\",\"dateModified\":\"2026-04-06T17:52:29+00:00\",\"breadcrumb\":{\"@id\":\"https:\\\/\\\/mamasica.es\\\/politica-de-cookies\\\/#breadcrumb\"},\"inLanguage\":\"en-US\",\"potentialAction\":[{\"@type\":\"ReadAction\",\"target\":[\"https:\\\/\\\/mamasica.es\\\/politica-de-cookies\\\/\"]}]},{\"@type\":\"BreadcrumbList\",\"@id\":\"https:\\\/\\\/mamasica.es\\\/politica-de-cookies\\\/#breadcrumb\",\"itemListElement\":[{\"@type\":\"ListItem\",\"position\":1,\"name\":\"Portada\",\"item\":\"https:\\\/\\\/mamasica.es\\\/\"},{\"@type\":\"ListItem\",\"position\":2,\"name\":\"Politica de cookies\"}]},{\"@type\":\"WebSite\",\"@id\":\"https:\\\/\\\/mamasica.es\\\/#website\",\"url\":\"https:\\\/\\\/mamasica.es\\\/\",\"name\":\"Mama Sica\",\"description\":\"Pasteles Artesanales de queso\",\"publisher\":{\"@id\":\"https:\\\/\\\/mamasica.es\\\/#organization\"},\"potentialAction\":[{\"@type\":\"SearchAction\",\"target\":{\"@type\":\"EntryPoint\",\"urlTemplate\":\"https:\\\/\\\/mamasica.es\\\/?s={search_term_string}\"},\"query-input\":{\"@type\":\"PropertyValueSpecification\",\"valueRequired\":true,\"valueName\":\"search_term_string\"}}],\"inLanguage\":\"en-US\"},{\"@type\":\"Organization\",\"@id\":\"https:\\\/\\\/mamasica.es\\\/#organization\",\"name\":\"Mama Sica\",\"url\":\"https:\\\/\\\/mamasica.es\\\/\",\"logo\":{\"@type\":\"ImageObject\",\"inLanguage\":\"en-US\",\"@id\":\"https:\\\/\\\/mamasica.es\\\/#\\\/schema\\\/logo\\\/image\\\/\",\"url\":\"https:\\\/\\\/mamasica.es\\\/wp-content\\\/uploads\\\/2026\\\/03\\\/Mama-Sica_logo.svg\",\"contentUrl\":\"https:\\\/\\\/mamasica.es\\\/wp-content\\\/uploads\\\/2026\\\/03\\\/Mama-Sica_logo.svg\",\"width\":832,\"height\":627,\"caption\":\"Mama Sica\"},\"image\":{\"@id\":\"https:\\\/\\\/mamasica.es\\\/#\\\/schema\\\/logo\\\/image\\\/\"},\"sameAs\":[\"https:\\\/\\\/www.instagram.com\\\/sica_mama?igsh=ZnA1em1jamVsaGJj&utm_source=qr\"]}]}<\/script>\n<!-- \/ Yoast SEO plugin. -->","yoast_head_json":{"title":"Politica de cookies - Mama Sica","robots":{"index":"index","follow":"follow","max-snippet":"max-snippet:-1","max-image-preview":"max-image-preview:large","max-video-preview":"max-video-preview:-1"},"canonical":"https:\/\/mamasica.es\/en\/politica-de-cookies\/","og_locale":"en_US","og_type":"article","og_title":"Politica de cookies - Mama Sica","og_description":"Pol\u00edtica de cookies \u00a01. \u00bfQU\u00c9 SON LAS COOKIES? Las cookies son peque\u00f1os archivos de texto que se almacenan en el dispositivo del usuario al visitar un sitio web. Permiten, entre otras cosas, reconocer al usuario, obtener informaci\u00f3n sobre sus h\u00e1bitos de navegaci\u00f3n o personalizar la forma en que se muestra el contenido. \u00a0 2. TIPOS [&hellip;]","og_url":"https:\/\/mamasica.es\/en\/politica-de-cookies\/","og_site_name":"Mama Sica","article_modified_time":"2026-04-06T17:52:29+00:00","twitter_card":"summary_large_image","twitter_misc":{"Est. reading time":"1 minute"},"schema":{"@context":"https:\/\/schema.org","@graph":[{"@type":"WebPage","@id":"https:\/\/mamasica.es\/politica-de-cookies\/","url":"https:\/\/mamasica.es\/politica-de-cookies\/","name":"Politica de cookies - Mama Sica","isPartOf":{"@id":"https:\/\/mamasica.es\/#website"},"datePublished":"2026-03-31T15:38:56+00:00","dateModified":"2026-04-06T17:52:29+00:00","breadcrumb":{"@id":"https:\/\/mamasica.es\/politica-de-cookies\/#breadcrumb"},"inLanguage":"en-US","potentialAction":[{"@type":"ReadAction","target":["https:\/\/mamasica.es\/politica-de-cookies\/"]}]},{"@type":"BreadcrumbList","@id":"https:\/\/mamasica.es\/politica-de-cookies\/#breadcrumb","itemListElement":[{"@type":"ListItem","position":1,"name":"Portada","item":"https:\/\/mamasica.es\/"},{"@type":"ListItem","position":2,"name":"Politica de cookies"}]},{"@type":"WebSite","@id":"https:\/\/mamasica.es\/#website","url":"https:\/\/mamasica.es\/","name":"Mama Sica","description":"Pasteles Artesanales de queso","publisher":{"@id":"https:\/\/mamasica.es\/#organization"},"potentialAction":[{"@type":"SearchAction","target":{"@type":"EntryPoint","urlTemplate":"https:\/\/mamasica.es\/?s={search_term_string}"},"query-input":{"@type":"PropertyValueSpecification","valueRequired":true,"valueName":"search_term_string"}}],"inLanguage":"en-US"},{"@type":"Organization","@id":"https:\/\/mamasica.es\/#organization","name":"Mama Sica","url":"https:\/\/mamasica.es\/","logo":{"@type":"ImageObject","inLanguage":"en-US","@id":"https:\/\/mamasica.es\/#\/schema\/logo\/image\/","url":"https:\/\/mamasica.es\/wp-content\/uploads\/2026\/03\/Mama-Sica_logo.svg","contentUrl":"https:\/\/mamasica.es\/wp-content\/uploads\/2026\/03\/Mama-Sica_logo.svg","width":832,"height":627,"caption":"Mama Sica"},"image":{"@id":"https:\/\/mamasica.es\/#\/schema\/logo\/image\/"},"sameAs":["https:\/\/www.instagram.com\/sica_mama?igsh=ZnA1em1jamVsaGJj&utm_source=qr"]}]}},"_links":{"self":[{"href":"https:\/\/mamasica.es\/en\/wp-json\/wp\/v2\/pages\/53","targetHints":{"allow":["GET"]}}],"collection":[{"href":"https:\/\/mamasica.es\/en\/wp-json\/wp\/v2\/pages"}],"about":[{"href":"https:\/\/mamasica.es\/en\/wp-json\/wp\/v2\/types\/page"}],"author":[{"embeddable":true,"href":"https:\/\/mamasica.es\/en\/wp-json\/wp\/v2\/users\/1"}],"replies":[{"embeddable":true,"href":"https:\/\/mamasica.es\/en\/wp-json\/wp\/v2\/comments?post=53"}],"version-history":[{"count":4,"href":"https:\/\/mamasica.es\/en\/wp-json\/wp\/v2\/pages\/53\/revisions"}],"predecessor-version":[{"id":200,"href":"https:\/\/mamasica.es\/en\/wp-json\/wp\/v2\/pages\/53\/revisions\/200"}],"wp:attachment":[{"href":"https:\/\/mamasica.es\/en\/wp-json\/wp\/v2\/media?parent=53"}],"curies":[{"name":"wp","href":"https:\/\/api.w.org\/{rel}","templated":true}]}}